{"id":27,"date":"2026-02-23T20:23:07","date_gmt":"2026-02-23T20:23:07","guid":{"rendered":"https:\/\/agramont.hr\/index.php\/services\/"},"modified":"2026-03-05T16:05:54","modified_gmt":"2026-03-05T16:05:54","slug":"services","status":"publish","type":"page","link":"https:\/\/agramont.hr\/index.php\/services\/","title":{"rendered":"Usluge"},"content":{"rendered":"\t\t<div data-elementor-type=\"wp-page\" data-elementor-id=\"27\" class=\"elementor elementor-27\">\n\t\t\t\t<div class=\"elementor-element elementor-element-79337ab3 e-flex e-con-boxed e-con e-parent\" data-id=\"79337ab3\" data-element_type=\"container\" data-e-type=\"container\">\n\t\t\t\t\t<div class=\"e-con-inner\">\n\t\t\t\t<div class=\"elementor-element elementor-element-194f2976 elementor-widget elementor-widget-heading\" data-id=\"194f2976\" data-element_type=\"widget\" data-e-type=\"widget\" data-widget_type=\"heading.default\">\n\t\t\t\t\t<h1 class=\"elementor-heading-title elementor-size-default\">Na\u0161e usluge<\/h1>\t\t\t\t<\/div>\n\t\t\t\t<div class=\"elementor-element elementor-element-47d860d6 elementor-widget-divider--view-line elementor-widget elementor-widget-divider\" data-id=\"47d860d6\" data-element_type=\"widget\" data-e-type=\"widget\" data-widget_type=\"divider.default\">\n\t\t\t\t\t\t\t<div class=\"elementor-divider\">\n\t\t\t<span class=\"elementor-divider-separator\">\n\t\t\t\t\t\t<\/span>\n\t\t<\/div>\n\t\t\t\t\t\t<\/div>\n\t\t\t\t\t<\/div>\n\t\t\t\t<\/div>\n\t\t<div class=\"elementor-element elementor-element-7e361ef8 e-flex e-con-boxed e-con e-parent\" data-id=\"7e361ef8\" data-element_type=\"container\" data-e-type=\"container\" id=\"service1\">\n\t\t\t\t\t<div class=\"e-con-inner\">\n\t\t<div class=\"elementor-element elementor-element-132928fd e-con-full e-flex e-con e-child\" data-id=\"132928fd\" data-element_type=\"container\" data-e-type=\"container\">\n\t\t\t\t<div class=\"elementor-element elementor-element-62b9e50a elementor-widget elementor-widget-heading\" data-id=\"62b9e50a\" data-element_type=\"widget\" data-e-type=\"widget\" data-widget_type=\"heading.default\">\n\t\t\t\t\t<h2 class=\"elementor-heading-title elementor-size-default\">Potpune \/ djelomi\u010dne renovacije<\/h2>\t\t\t\t<\/div>\n\t\t\t\t<div class=\"elementor-element elementor-element-7f0d478e elementor-widget elementor-widget-text-editor\" data-id=\"7f0d478e\" data-element_type=\"widget\" data-e-type=\"widget\" data-widget_type=\"text-editor.default\">\n\t\t\t\t\t\t\t\t\t<p><strong data-start=\"76\" data-end=\"129\">Treba li vam kompletna renovacija stana ili ku\u0107e?<\/strong><br data-start=\"129\" data-end=\"132\" \/>Obratite nam se \u2013 stru\u010dnjaci smo u izvo\u0111enju renovacija svih vrsta i razina slo\u017eenosti. S vi\u0161e od 8 godina iskustva u radu na projektima razli\u010dite kompleksnosti, svakom zadatku pristupamo profesionalno, s pa\u017eljivom organizacijom i jasnom komunikacijom kroz cijeli proces.\u00a0<\/p>\t\t\t\t\t\t\t\t<\/div>\n\t\t\t\t<\/div>\n\t\t<div class=\"elementor-element elementor-element-2f14ea25 e-con-full e-flex e-con e-child\" data-id=\"2f14ea25\" data-element_type=\"container\" data-e-type=\"container\" data-settings=\"{&quot;background_background&quot;:&quot;classic&quot;}\">\n\t\t\t\t<\/div>\n\t\t\t\t\t<\/div>\n\t\t\t\t<\/div>\n\t\t<div class=\"elementor-element elementor-element-5957b5a7 e-flex e-con-boxed e-con e-parent\" data-id=\"5957b5a7\" data-element_type=\"container\" data-e-type=\"container\" id=\"service2\">\n\t\t\t\t\t<div class=\"e-con-inner\">\n\t\t<div class=\"elementor-element elementor-element-14ab9ec5 e-con-full e-flex e-con e-child\" data-id=\"14ab9ec5\" data-element_type=\"container\" data-e-type=\"container\">\n\t\t\t\t<div class=\"elementor-element elementor-element-17688e3d elementor-widget elementor-widget-heading\" data-id=\"17688e3d\" data-element_type=\"widget\" data-e-type=\"widget\" data-widget_type=\"heading.default\">\n\t\t\t\t\t<h2 class=\"elementor-heading-title elementor-size-default\">Ugradnje podnog grijanja \/ promijene radijatora i dr.<\/h2>\t\t\t\t<\/div>\n\t\t\t\t<div class=\"elementor-element elementor-element-78ee4bf8 elementor-widget elementor-widget-text-editor\" data-id=\"78ee4bf8\" data-element_type=\"widget\" data-e-type=\"widget\" data-widget_type=\"text-editor.default\">\n\t\t\t\t\t\t\t\t\t<p data-start=\"60\" data-end=\"408\">Bavimo se kompletnom ugradnjom i odr\u017eavanjem sustava grijanja. Bilo da \u017eelite postaviti podno grijanje u dijelu ili u cijelom stanu\/ku\u0107i, stojimo vam na raspolaganju. Tako\u0111er, nudimo demonta\u017eu i monta\u017eu radijatora, premje\u0161tanje radijatora te sve ostale radove vezane uz sustave grijanja.<\/p>\t\t\t\t\t\t\t\t<\/div>\n\t\t\t\t<\/div>\n\t\t<div class=\"elementor-element elementor-element-683c8e86 e-con-full e-flex e-con e-child\" data-id=\"683c8e86\" data-element_type=\"container\" data-e-type=\"container\" data-settings=\"{&quot;background_background&quot;:&quot;classic&quot;}\">\n\t\t\t\t<\/div>\n\t\t\t\t\t<\/div>\n\t\t\t\t<\/div>\n\t\t<div class=\"elementor-element elementor-element-38b24392 e-flex e-con-boxed e-con e-parent\" data-id=\"38b24392\" data-element_type=\"container\" data-e-type=\"container\" id=\"service3\">\n\t\t\t\t\t<div class=\"e-con-inner\">\n\t\t<div class=\"elementor-element elementor-element-162e45bf e-con-full e-flex e-con e-child\" data-id=\"162e45bf\" data-element_type=\"container\" data-e-type=\"container\">\n\t\t\t\t<div class=\"elementor-element elementor-element-4aa2e462 elementor-widget elementor-widget-heading\" data-id=\"4aa2e462\" data-element_type=\"widget\" data-e-type=\"widget\" data-widget_type=\"heading.default\">\n\t\t\t\t\t<h2 class=\"elementor-heading-title elementor-size-default\">Ugradnje instalacija<\/h2>\t\t\t\t<\/div>\n\t\t\t\t<div class=\"elementor-element elementor-element-5ef27139 elementor-widget elementor-widget-text-editor\" data-id=\"5ef27139\" data-element_type=\"widget\" data-e-type=\"widget\" data-widget_type=\"text-editor.default\">\n\t\t\t\t\t\t\t\t\t<p data-start=\"64\" data-end=\"338\">Nudimo usluge ugradnje novih ili zamjene starih instalacija. Bilo da obnavljate kupaonicu, kuhinju ili \u017eelite promijeniti razmje\u0161taj cijevi u svom domu, pru\u017eamo stru\u010dnu i pouzdanu izvedbu svakog projekta.<\/p>\t\t\t\t\t\t\t\t<\/div>\n\t\t\t\t<\/div>\n\t\t<div class=\"elementor-element elementor-element-4429700b e-con-full e-flex e-con e-child\" data-id=\"4429700b\" data-element_type=\"container\" data-e-type=\"container\" data-settings=\"{&quot;background_background&quot;:&quot;classic&quot;}\">\n\t\t\t\t<\/div>\n\t\t\t\t\t<\/div>\n\t\t\t\t<\/div>\n\t\t<div class=\"elementor-element elementor-element-151cc171 e-flex e-con-boxed e-con e-parent\" data-id=\"151cc171\" data-element_type=\"container\" data-e-type=\"container\" id=\"service4\">\n\t\t\t\t\t<div class=\"e-con-inner\">\n\t\t<div class=\"elementor-element elementor-element-4f719ee4 e-con-full e-flex e-con e-child\" data-id=\"4f719ee4\" data-element_type=\"container\" data-e-type=\"container\">\n\t\t\t\t<div class=\"elementor-element elementor-element-2e3a27df elementor-widget elementor-widget-heading\" data-id=\"2e3a27df\" data-element_type=\"widget\" data-e-type=\"widget\" data-widget_type=\"heading.default\">\n\t\t\t\t\t<h2 class=\"elementor-heading-title elementor-size-default\">Pregradni gips zidovi \/ knauf radovi<\/h2>\t\t\t\t<\/div>\n\t\t\t\t<div class=\"elementor-element elementor-element-59c27834 elementor-widget elementor-widget-text-editor\" data-id=\"59c27834\" data-element_type=\"widget\" data-e-type=\"widget\" data-widget_type=\"text-editor.default\">\n\t\t\t\t\t\t\t\t\t<p data-start=\"60\" data-end=\"345\">U dana\u0161nje vrijeme knauf zidovi i stropovi koriste se u razne svrhe. Mi nudimo kompletnu izvedbu \u2013 bilo da \u017eelite pregraditi prostoriju, spustiti visoki strop ili postaviti novo osvjetljenje, na\u0161 tim pru\u017ea stru\u010dnu i preciznu uslugu.<\/p>\t\t\t\t\t\t\t\t<\/div>\n\t\t\t\t<\/div>\n\t\t<div class=\"elementor-element elementor-element-57947738 e-con-full e-flex e-con e-child\" data-id=\"57947738\" data-element_type=\"container\" data-e-type=\"container\" data-settings=\"{&quot;background_background&quot;:&quot;classic&quot;}\">\n\t\t\t\t<\/div>\n\t\t\t\t\t<\/div>\n\t\t\t\t<\/div>\n\t\t<div class=\"elementor-element elementor-element-7868886 e-flex e-con-boxed e-con e-parent\" data-id=\"7868886\" data-element_type=\"container\" data-e-type=\"container\">\n\t\t\t\t\t<div class=\"e-con-inner\">\n\t\t\t\t\t<\/div>\n\t\t\t\t<\/div>\n\t\t\t\t<\/div>\n\t\t","protected":false},"excerpt":{"rendered":"<p>Na\u0161e usluge Potpune \/ djelomi\u010dne renovacije Treba li vam kompletna renovacija stana ili ku\u0107e?Obratite nam se \u2013 stru\u010dnjaci smo u izvo\u0111enju renovacija svih vrsta i razina slo\u017eenosti. S vi\u0161e od 8 godina iskustva u radu na projektima razli\u010dite kompleksnosti, svakom zadatku pristupamo profesionalno, s pa\u017eljivom organizacijom i jasnom komunikacijom kroz cijeli proces.\u00a0 Ugradnje podnog grijanja [&hellip;]<\/p>\n","protected":false},"author":1,"featured_media":30,"parent":0,"menu_order":0,"comment_status":"closed","ping_status":"closed","template":"elementor_header_footer","meta":{"footnotes":""},"class_list":["post-27","page","type-page","status-publish","has-post-thumbnail","hentry"],"yoast_head":"<!-- This site is optimized with the Yoast SEO plugin v27.3 - https:\/\/yoast.com\/product\/yoast-seo-wordpress\/ -->\n<title>Usluge - Agramont.hr<\/title>\n<meta name=\"robots\" content=\"index, follow, max-snippet:-1, max-image-preview:large, max-video-preview:-1\" \/>\n<link rel=\"canonical\" href=\"https:\/\/agramont.hr\/index.php\/services\/\" \/>\n<meta property=\"og:locale\" content=\"hr_HR\" \/>\n<meta property=\"og:type\" content=\"article\" \/>\n<meta property=\"og:title\" content=\"Usluge - Agramont.hr\" \/>\n<meta property=\"og:description\" content=\"Na\u0161e usluge Potpune \/ djelomi\u010dne renovacije Treba li vam kompletna renovacija stana ili ku\u0107e?Obratite nam se \u2013 stru\u010dnjaci smo u izvo\u0111enju renovacija svih vrsta i razina slo\u017eenosti. S vi\u0161e od 8 godina iskustva u radu na projektima razli\u010dite kompleksnosti, svakom zadatku pristupamo profesionalno, s pa\u017eljivom organizacijom i jasnom komunikacijom kroz cijeli proces.\u00a0 Ugradnje podnog grijanja [&hellip;]\" \/>\n<meta property=\"og:url\" content=\"https:\/\/agramont.hr\/index.php\/services\/\" \/>\n<meta property=\"og:site_name\" content=\"Agramont.hr\" \/>\n<meta property=\"article:modified_time\" content=\"2026-03-05T16:05:54+00:00\" \/>\n<meta property=\"og:image\" content=\"https:\/\/agramont.hr\/wp-content\/uploads\/2026\/02\/Services-400_380.jpg\" \/>\n\t<meta property=\"og:image:width\" content=\"400\" \/>\n\t<meta property=\"og:image:height\" content=\"380\" \/>\n\t<meta property=\"og:image:type\" content=\"image\/jpeg\" \/>\n<meta name=\"twitter:card\" content=\"summary_large_image\" \/>\n<meta name=\"twitter:label1\" content=\"Procijenjeno vrijeme \u010ditanja\" \/>\n\t<meta name=\"twitter:data1\" content=\"2 minute\" \/>\n<script type=\"application\/ld+json\" class=\"yoast-schema-graph\">{\"@context\":\"https:\\\/\\\/schema.org\",\"@graph\":[{\"@type\":\"WebPage\",\"@id\":\"https:\\\/\\\/agramont.hr\\\/index.php\\\/services\\\/\",\"url\":\"https:\\\/\\\/agramont.hr\\\/index.php\\\/services\\\/\",\"name\":\"Usluge - Agramont.hr\",\"isPartOf\":{\"@id\":\"https:\\\/\\\/agramont.hr\\\/#website\"},\"primaryImageOfPage\":{\"@id\":\"https:\\\/\\\/agramont.hr\\\/index.php\\\/services\\\/#primaryimage\"},\"image\":{\"@id\":\"https:\\\/\\\/agramont.hr\\\/index.php\\\/services\\\/#primaryimage\"},\"thumbnailUrl\":\"https:\\\/\\\/agramont.hr\\\/wp-content\\\/uploads\\\/2026\\\/02\\\/Services-400_380.jpg\",\"datePublished\":\"2026-02-23T20:23:07+00:00\",\"dateModified\":\"2026-03-05T16:05:54+00:00\",\"breadcrumb\":{\"@id\":\"https:\\\/\\\/agramont.hr\\\/index.php\\\/services\\\/#breadcrumb\"},\"inLanguage\":\"hr\",\"potentialAction\":[{\"@type\":\"ReadAction\",\"target\":[\"https:\\\/\\\/agramont.hr\\\/index.php\\\/services\\\/\"]}]},{\"@type\":\"ImageObject\",\"inLanguage\":\"hr\",\"@id\":\"https:\\\/\\\/agramont.hr\\\/index.php\\\/services\\\/#primaryimage\",\"url\":\"https:\\\/\\\/agramont.hr\\\/wp-content\\\/uploads\\\/2026\\\/02\\\/Services-400_380.jpg\",\"contentUrl\":\"https:\\\/\\\/agramont.hr\\\/wp-content\\\/uploads\\\/2026\\\/02\\\/Services-400_380.jpg\",\"width\":400,\"height\":380},{\"@type\":\"BreadcrumbList\",\"@id\":\"https:\\\/\\\/agramont.hr\\\/index.php\\\/services\\\/#breadcrumb\",\"itemListElement\":[{\"@type\":\"ListItem\",\"position\":1,\"name\":\"Po\u010detna stranica\",\"item\":\"https:\\\/\\\/agramont.hr\\\/\"},{\"@type\":\"ListItem\",\"position\":2,\"name\":\"Usluge\"}]},{\"@type\":\"WebSite\",\"@id\":\"https:\\\/\\\/agramont.hr\\\/#website\",\"url\":\"https:\\\/\\\/agramont.hr\\\/\",\"name\":\"Agramont.hr\",\"description\":\"\",\"publisher\":{\"@id\":\"https:\\\/\\\/agramont.hr\\\/#organization\"},\"potentialAction\":[{\"@type\":\"SearchAction\",\"target\":{\"@type\":\"EntryPoint\",\"urlTemplate\":\"https:\\\/\\\/agramont.hr\\\/?s={search_term_string}\"},\"query-input\":{\"@type\":\"PropertyValueSpecification\",\"valueRequired\":true,\"valueName\":\"search_term_string\"}}],\"inLanguage\":\"hr\"},{\"@type\":\"Organization\",\"@id\":\"https:\\\/\\\/agramont.hr\\\/#organization\",\"name\":\"Agramont.hr\",\"url\":\"https:\\\/\\\/agramont.hr\\\/\",\"logo\":{\"@type\":\"ImageObject\",\"inLanguage\":\"hr\",\"@id\":\"https:\\\/\\\/agramont.hr\\\/#\\\/schema\\\/logo\\\/image\\\/\",\"url\":\"https:\\\/\\\/agramont.hr\\\/wp-content\\\/uploads\\\/2026\\\/02\\\/cropped-cropped-123-456-7890-1.jpg\",\"contentUrl\":\"https:\\\/\\\/agramont.hr\\\/wp-content\\\/uploads\\\/2026\\\/02\\\/cropped-cropped-123-456-7890-1.jpg\",\"width\":512,\"height\":177,\"caption\":\"Agramont.hr\"},\"image\":{\"@id\":\"https:\\\/\\\/agramont.hr\\\/#\\\/schema\\\/logo\\\/image\\\/\"}}]}<\/script>\n<!-- \/ Yoast SEO plugin. -->","yoast_head_json":{"title":"Usluge - Agramont.hr","robots":{"index":"index","follow":"follow","max-snippet":"max-snippet:-1","max-image-preview":"max-image-preview:large","max-video-preview":"max-video-preview:-1"},"canonical":"https:\/\/agramont.hr\/index.php\/services\/","og_locale":"hr_HR","og_type":"article","og_title":"Usluge - Agramont.hr","og_description":"Na\u0161e usluge Potpune \/ djelomi\u010dne renovacije Treba li vam kompletna renovacija stana ili ku\u0107e?Obratite nam se \u2013 stru\u010dnjaci smo u izvo\u0111enju renovacija svih vrsta i razina slo\u017eenosti. S vi\u0161e od 8 godina iskustva u radu na projektima razli\u010dite kompleksnosti, svakom zadatku pristupamo profesionalno, s pa\u017eljivom organizacijom i jasnom komunikacijom kroz cijeli proces.\u00a0 Ugradnje podnog grijanja [&hellip;]","og_url":"https:\/\/agramont.hr\/index.php\/services\/","og_site_name":"Agramont.hr","article_modified_time":"2026-03-05T16:05:54+00:00","og_image":[{"width":400,"height":380,"url":"https:\/\/agramont.hr\/wp-content\/uploads\/2026\/02\/Services-400_380.jpg","type":"image\/jpeg"}],"twitter_card":"summary_large_image","twitter_misc":{"Procijenjeno vrijeme \u010ditanja":"2 minute"},"schema":{"@context":"https:\/\/schema.org","@graph":[{"@type":"WebPage","@id":"https:\/\/agramont.hr\/index.php\/services\/","url":"https:\/\/agramont.hr\/index.php\/services\/","name":"Usluge - Agramont.hr","isPartOf":{"@id":"https:\/\/agramont.hr\/#website"},"primaryImageOfPage":{"@id":"https:\/\/agramont.hr\/index.php\/services\/#primaryimage"},"image":{"@id":"https:\/\/agramont.hr\/index.php\/services\/#primaryimage"},"thumbnailUrl":"https:\/\/agramont.hr\/wp-content\/uploads\/2026\/02\/Services-400_380.jpg","datePublished":"2026-02-23T20:23:07+00:00","dateModified":"2026-03-05T16:05:54+00:00","breadcrumb":{"@id":"https:\/\/agramont.hr\/index.php\/services\/#breadcrumb"},"inLanguage":"hr","potentialAction":[{"@type":"ReadAction","target":["https:\/\/agramont.hr\/index.php\/services\/"]}]},{"@type":"ImageObject","inLanguage":"hr","@id":"https:\/\/agramont.hr\/index.php\/services\/#primaryimage","url":"https:\/\/agramont.hr\/wp-content\/uploads\/2026\/02\/Services-400_380.jpg","contentUrl":"https:\/\/agramont.hr\/wp-content\/uploads\/2026\/02\/Services-400_380.jpg","width":400,"height":380},{"@type":"BreadcrumbList","@id":"https:\/\/agramont.hr\/index.php\/services\/#breadcrumb","itemListElement":[{"@type":"ListItem","position":1,"name":"Po\u010detna stranica","item":"https:\/\/agramont.hr\/"},{"@type":"ListItem","position":2,"name":"Usluge"}]},{"@type":"WebSite","@id":"https:\/\/agramont.hr\/#website","url":"https:\/\/agramont.hr\/","name":"Agramont.hr","description":"","publisher":{"@id":"https:\/\/agramont.hr\/#organization"},"potentialAction":[{"@type":"SearchAction","target":{"@type":"EntryPoint","urlTemplate":"https:\/\/agramont.hr\/?s={search_term_string}"},"query-input":{"@type":"PropertyValueSpecification","valueRequired":true,"valueName":"search_term_string"}}],"inLanguage":"hr"},{"@type":"Organization","@id":"https:\/\/agramont.hr\/#organization","name":"Agramont.hr","url":"https:\/\/agramont.hr\/","logo":{"@type":"ImageObject","inLanguage":"hr","@id":"https:\/\/agramont.hr\/#\/schema\/logo\/image\/","url":"https:\/\/agramont.hr\/wp-content\/uploads\/2026\/02\/cropped-cropped-123-456-7890-1.jpg","contentUrl":"https:\/\/agramont.hr\/wp-content\/uploads\/2026\/02\/cropped-cropped-123-456-7890-1.jpg","width":512,"height":177,"caption":"Agramont.hr"},"image":{"@id":"https:\/\/agramont.hr\/#\/schema\/logo\/image\/"}}]}},"_links":{"self":[{"href":"https:\/\/agramont.hr\/index.php\/wp-json\/wp\/v2\/pages\/27","targetHints":{"allow":["GET"]}}],"collection":[{"href":"https:\/\/agramont.hr\/index.php\/wp-json\/wp\/v2\/pages"}],"about":[{"href":"https:\/\/agramont.hr\/index.php\/wp-json\/wp\/v2\/types\/page"}],"author":[{"embeddable":true,"href":"https:\/\/agramont.hr\/index.php\/wp-json\/wp\/v2\/users\/1"}],"replies":[{"embeddable":true,"href":"https:\/\/agramont.hr\/index.php\/wp-json\/wp\/v2\/comments?post=27"}],"version-history":[{"count":14,"href":"https:\/\/agramont.hr\/index.php\/wp-json\/wp\/v2\/pages\/27\/revisions"}],"predecessor-version":[{"id":364,"href":"https:\/\/agramont.hr\/index.php\/wp-json\/wp\/v2\/pages\/27\/revisions\/364"}],"wp:featuredmedia":[{"embeddable":true,"href":"https:\/\/agramont.hr\/index.php\/wp-json\/wp\/v2\/media\/30"}],"wp:attachment":[{"href":"https:\/\/agramont.hr\/index.php\/wp-json\/wp\/v2\/media?parent=27"}],"curies":[{"name":"wp","href":"https:\/\/api.w.org\/{rel}","templated":true}]}}